{"id":8153,"date":"2017-09-22T17:13:51","date_gmt":"2017-09-22T14:13:51","guid":{"rendered":"https:\/\/www.bekirerdogan.com\/contact-us\/"},"modified":"2022-02-10T01:29:12","modified_gmt":"2022-02-09T22:29:12","slug":"contact-us","status":"publish","type":"page","link":"https:\/\/www.bekirerdogan.com\/en\/contact-us\/","title":{"rendered":"Contact Us"},"content":{"rendered":"<p>[vc_row][vc_column offset=&#8221;vc_hidden-sm vc_hidden-xs&#8221;][vc_empty_space height=&#8221;25px&#8221;][\/vc_column][\/vc_row][vc_row css=&#8221;.vc_custom_1643926839318{margin-right: 20px !important;margin-bottom: 60px !important;margin-left: 20px !important;}&#8221;][vc_column][vc_row_inner][vc_column_inner width=&#8221;2\/3&#8243;][vc_column_text]<\/p>\n<h4>Design Together<\/h4>\n<p>[\/vc_column_text][vc_gmaps link=&#8221;#E-8_JTNDaWZyYW1lJTIwc3JjJTNEJTIyaHR0cHMlM0ElMkYlMkZ3d3cuZ29vZ2xlLmNvbSUyRm1hcHMlMkZlbWJlZCUzRnBiJTNEJTIxMW0xNCUyMTFtOCUyMTFtMyUyMTFkNjAyMy45NDM5OTU2NzY1NzElMjEyZDI4Ljc5NDU2NTk5OTk5OTk5NiUyMTNkNDAuOTgyMDk0JTIxM20yJTIxMWkxMDI0JTIxMmk3NjglMjE0ZjEzLjElMjEzbTMlMjExbTIlMjExczB4MCUyNTNBMHhjNmNhMjNmYmZjNmZkMTk5JTIxMnNCZWtpciUyNTIwRXJkbyUyNUM0JTI1OUZhbiUyNTIwTWltYXJsJTI1QzQlMjVCMWslMjE1ZTAlMjEzbTIlMjExc2VuJTIxMnN0ciUyMTR2MTY0Mzg3Nzk5MTkwNyUyMTVtMiUyMTFzZW4lMjEyc3RyJTIyJTIwd2lkdGglM0QlMjI2MDAlMjIlMjBoZWlnaHQlM0QlMjI0NTAlMjIlMjBzdHlsZSUzRCUyMmJvcmRlciUzQTAlM0IlMjIlMjBhbGxvd2Z1bGxzY3JlZW4lM0QlMjIlMjIlMjBsb2FkaW5nJTNEJTIybGF6eSUyMiUzRSUzQyUyRmlmcmFtZSUzRQ==&#8221;][vc_column_text]<\/p>\n<h4>Contact Information<\/h4>\n<p>\u015eenlikk\u00f6y, Florya St. No:54B, 34158 Bak\u0131rk\u00f6y\/Istanbul<\/p>\n<p>Phone: +90 212 662 88 90<br \/>\nE-mail: info@bekirerdogan.com[\/vc_column_text][vc_btn title=&#8221;Visit&#8221; style=&#8221;outline&#8221; color=&#8221;black&#8221; link=&#8221;url:https%3A%2F%2Fgoo.gl%2Fmaps%2FVMBa5hKzuBr5Q83R6|&#8221;][vc_empty_space height=&#8221;20px&#8221;][\/vc_column_inner][vc_column_inner width=&#8221;1\/3&#8243;][\/vc_column_inner][\/vc_row_inner][\/vc_column][\/vc_row]<\/p>\n","protected":false},"excerpt":{"rendered":"<p>[vc_row][vc_column offset=&#8221;vc_hidden-sm vc_hidden-xs&#8221;][vc_empty_space height=&#8221;25px&#8221;][\/vc_column][\/vc_row][vc_row css=&#8221;.vc_custom_1643926839318{margin-right: 20px !important;margin-bottom: 60px !important;margin-left: 20px !important;}&#8221;][vc_column][vc_row_inner][vc_column_inner width=&#8221;2\/3&#8243;][vc_column_text] Design Together [\/vc_column_text][vc_gmaps link=&#8221;#E-8_JTNDaWZyYW1lJTIwc3JjJTNEJTIyaHR0cHMlM0ElMkYlMkZ3d3cuZ29vZ2xlLmNvbSUyRm1hcHMlMkZlbWJlZCUzRnBiJTNEJTIxMW0xNCUyMTFtOCUyMTFtMyUyMTFkNjAyMy45NDM5OTU2NzY1NzElMjEyZDI4Ljc5NDU2NTk5OTk5OTk5NiUyMTNkNDAuOTgyMDk0JTIxM20yJTIxMWkxMDI0JTIxMmk3NjglMjE0ZjEzLjElMjEzbTMlMjExbTIlMjExczB4MCUyNTNBMHhjNmNhMjNmYmZjNmZkMTk5JTIxMnNCZWtpciUyNTIwRXJkbyUyNUM0JTI1OUZhbiUyNTIwTWltYXJsJTI1QzQlMjVCMWslMjE1ZTAlMjEzbTIlMjExc2VuJTIxMnN0ciUyMTR2MTY0Mzg3Nzk5MTkwNyUyMTVtMiUyMTFzZW4lMjEyc3RyJTIyJTIwd2lkdGglM0QlMjI2MDAlMjIlMjBoZWlnaHQlM0QlMjI0NTAlMjIlMjBzdHlsZSUzRCUyMmJvcmRlciUzQTAlM0IlMjIlMjBhbGxvd2Z1bGxzY3JlZW4lM0QlMjIlMjIlMjBsb2FkaW5nJTNEJTIybGF6eSUyMiUzRSUzQyUyRmlmcmFtZSUzRQ==&#8221;][vc_column_text] Contact Information \u015eenlikk\u00f6y, Florya St. No:54B, 34158 Bak\u0131rk\u00f6y\/Istanbul Phone: +90 212 662 88 90 E-mail: info@bekirerdogan.com[\/vc_column_text][vc_btn title=&#8221;Visit&#8221; style=&#8221;outline&#8221; color=&#8221;black&#8221; link=&#8221;url:https%3A%2F%2Fgoo.gl%2Fmaps%2FVMBa5hKzuBr5Q83R6|&#8221;][vc_empty_space height=&#8221;20px&#8221;][\/vc_column_inner][vc_column_inner width=&#8221;1\/3&#8243;][\/vc_column_inner][\/vc_row_inner][\/vc_column][\/vc_row]<\/p>\n","protected":false},"author":1,"featured_media":0,"parent":0,"menu_order":0,"comment_status":"closed","ping_status":"closed","template":"","meta":{"footnotes":""},"class_list":["post-8153","page","type-page","status-publish","hentry"],"_links":{"self":[{"href":"https:\/\/www.bekirerdogan.com\/en\/wp-json\/wp\/v2\/pages\/8153","targetHints":{"allow":["GET"]}}],"collection":[{"href":"https:\/\/www.bekirerdogan.com\/en\/wp-json\/wp\/v2\/pages"}],"about":[{"href":"https:\/\/www.bekirerdogan.com\/en\/wp-json\/wp\/v2\/types\/page"}],"author":[{"embeddable":true,"href":"https:\/\/www.bekirerdogan.com\/en\/wp-json\/wp\/v2\/users\/1"}],"replies":[{"embeddable":true,"href":"https:\/\/www.bekirerdogan.com\/en\/wp-json\/wp\/v2\/comments?post=8153"}],"version-history":[{"count":0,"href":"https:\/\/www.bekirerdogan.com\/en\/wp-json\/wp\/v2\/pages\/8153\/revisions"}],"wp:attachment":[{"href":"https:\/\/www.bekirerdogan.com\/en\/wp-json\/wp\/v2\/media?parent=8153"}],"curies":[{"name":"wp","href":"https:\/\/api.w.org\/{rel}","templated":true}]}}